{"id":3819,"date":"2026-03-08T19:23:45","date_gmt":"2026-03-08T19:23:45","guid":{"rendered":"https:\/\/www.courspratiquesfcm.fr\/?page_id=3819"},"modified":"2026-03-15T20:09:43","modified_gmt":"2026-03-15T20:09:43","slug":"edito","status":"publish","type":"page","link":"https:\/\/www.courspratiquesfcm.fr\/en\/edito\/","title":{"rendered":"Mot du pr\u00e9sident"},"content":{"rendered":"\t\t<div data-elementor-type=\"wp-page\" data-elementor-id=\"3819\" class=\"elementor elementor-3819\">\n\t\t\t\t<div class=\"elementor-element elementor-element-b060d80 e-flex e-con-boxed e-con e-parent\" data-id=\"b060d80\" data-element_type=\"container\" data-e-type=\"container\">\n\t\t\t\t\t<div class=\"e-con-inner\">\n\t\t\t\t<div class=\"elementor-element elementor-element-384cce6 elementor-widget elementor-widget-heading\" data-id=\"384cce6\" data-element_type=\"widget\" data-e-type=\"widget\" data-widget_type=\"heading.default\">\n\t\t\t\t<div class=\"elementor-widget-container\">\n\t\t\t\t\t<h2 class=\"elementor-heading-title elementor-size-default\">Mot du pr\u00e9sident<\/h2>\t\t\t\t<\/div>\n\t\t\t\t<\/div>\n\t\t\t\t<div class=\"elementor-element elementor-element-89fa3fb elementor-widget elementor-widget-spacer\" data-id=\"89fa3fb\" data-element_type=\"widget\" data-e-type=\"widget\" data-widget_type=\"spacer.default\">\n\t\t\t\t<div class=\"elementor-widget-container\">\n\t\t\t\t\t\t\t<div class=\"elementor-spacer\">\n\t\t\t<div class=\"elementor-spacer-inner\"><\/div>\n\t\t<\/div>\n\t\t\t\t\t\t<\/div>\n\t\t\t\t<\/div>\n\t\t\t\t\t<\/div>\n\t\t\t\t<\/div>\n\t\t<div class=\"elementor-element elementor-element-8be4f79 e-flex e-con-boxed e-con e-parent\" data-id=\"8be4f79\" data-element_type=\"container\" data-e-type=\"container\">\n\t\t\t\t\t<div class=\"e-con-inner\">\n\t\t\t\t<div class=\"elementor-element elementor-element-4363c67 elementor-widget__width-inherit elementor-widget elementor-widget-text-editor\" data-id=\"4363c67\" data-element_type=\"widget\" data-e-type=\"widget\" data-widget_type=\"text-editor.default\">\n\t\t\t\t<div class=\"elementor-widget-container\">\n\t\t\t\t\t\t\t\t\t<p>Depuis sa r\u00e9habilitation en 2010 par Caroline Leclerc, pr\u00e9sidente de la SFCM, le cours pratique est un incontournable de notre soci\u00e9t\u00e9. Sous l\u2019\u00e9gide de Jean Goubau, et avec l\u2019aide de Michel Chammas, la SFCM a pu ainsi organiser des cours pratiques exceptionnels \u00e0 Montpellier.<br \/>Cette ann\u00e9e, avec Adeline Cambon, notre nouvelle coordinatrice du Cours Pratique de la SFCM, nous aurons le plaisir de vous faire partager l\u2019exp\u00e9rience rouennaise ! Depuis des d\u00e9cennies, le laboratoire d\u2019anatomie de Rouen, dirig\u00e9 par le professeur Fabrice Duparc, est un lieu d\u2019apprentissage et de recherche pour les chirurgiens de la Main de Rouen, de l\u2019ouest de la France et de Paris.<br \/>Le laboratoire nous accueillera cette ann\u00e9e pour un cours original, destin\u00e9 \u00e0 plusieurs publics en parall\u00e8le :<br \/><b>1 &#8211; COURS D\u2019ANATOMIE PRATIQUE (le nombre de place est limit\u00e9 \u00e0 24 personnes)<\/b> : destin\u00e9 \u00e0 24 chirurgiens souhaitant compl\u00e9ter leur formation en chirurgie de la main. Lambeaux, chirurgies des tendons fl\u00e9chisseurs et de l\u2019articulation trapezo-m\u00e9tacarpienne, seront \u00e0 l\u2019honneur. Chaque duo<br \/>d\u2019apprenant chirurgien sera encadr\u00e9 par un chirurgien expert dans sa discipline. Il s\u2019agira d\u2019un cours pratique avec possibilit\u00e9 pour les kin\u00e9sith\u00e9rapeutes d\u2019acc\u00e9der en observateur aux ateliers pratiques des chirurgiens.<br \/><b>2 &#8211; COURS PRATIQUE DU GEMMSOR (le nombre de place est limit\u00e9 \u00e0 24 personnes) <\/b>sous l\u2019\u00e9gide de Maxime Fourmy, organis\u00e9 par Pierre Baritaux et Marine Fourdrain de Rouen, ainsi que Michel Boutan. Il sera destin\u00e9 \u00e0 24 kin\u00e9sith\u00e9rapeutes. Les 2 th\u00e9matiques principales seront : 1\/la r\u00e9\u00e9ducation et les orth\u00e8ses pour la chirurgie des fl\u00e9chisseurs, et 2\/ la r\u00e9\u00e9ducation et les orth\u00e8ses pour la rhizarthrose. Chaque participant pourra observer des gestes chirurgicaux concernant ces pathologies au laboratoire d\u2019anatomie, atout important pour le dialogue entre nos disciplines !<br \/><b>3 &#8211; UN COURS PRATIQUE D\u2019INITIATION A LA MICROCHIRURGIE ET AUX TECHNIQUES DE BASE EN CHIRURGIE DE LA MAIN (le nombre de place est limit\u00e9 \u00e0 6 personnes) :<\/b> pour la premi\u00e8re ann\u00e9e, destin\u00e9 \u00e0 6 jeunes chirurgiens. Une demi-journ\u00e9e aura lieu au laboratoire de microchirurgie de Rouen,<br \/>l\u2019autre au laboratoire d\u2019anatomie. ll sera anim\u00e9 par Nicolas Bigorre et Elodie Payet. Ce cours multi-facettes sur une journ\u00e9e, sera suivi de la \u00ab journ\u00e9e de la Pr\u00e9sidente \u00bb. Ces journ\u00e9es seront\u00a0<span style=\"font-style: inherit; font-weight: inherit;\">l\u2019occasion de rencontrer les humains qui sont au service de la chirurgie de la Main \u00e0 Rouen depuis des\u00a0<\/span><span style=\"font-style: inherit; font-weight: inherit;\">d\u00e9cennies, de rassembler tous les professionels de la main, et de profiter de l\u2019opportunit\u00e9 d\u2019apprendre\u00a0<\/span><span style=\"font-style: inherit; font-weight: inherit;\">dans un laboratoire d\u2019anatomie historique.<\/span><\/p><p><span style=\"font-style: inherit; font-weight: inherit;\">R\u00e9servez rapidement car il y a peu de places !<\/span><\/p>\t\t\t\t\t\t\t\t<\/div>\n\t\t\t\t<\/div>\n\t\t\t\t\t<\/div>\n\t\t\t\t<\/div>\n\t\t<div class=\"elementor-element elementor-element-1e60e6b e-grid e-con-boxed e-con e-parent\" data-id=\"1e60e6b\" data-element_type=\"container\" data-e-type=\"container\">\n\t\t\t\t\t<div class=\"e-con-inner\">\n\t\t\t\t<div class=\"elementor-element elementor-element-f1a7e01 elementor-widget elementor-widget-image\" data-id=\"f1a7e01\" data-element_type=\"widget\" data-e-type=\"widget\" data-widget_type=\"image.default\">\n\t\t\t\t<div class=\"elementor-widget-container\">\n\t\t\t\t\t\t\t\t\t\t\t\t\t\t\t<img fetchpriority=\"high\" decoding=\"async\" width=\"437\" height=\"231\" src=\"https:\/\/www.courspratiquesfcm.fr\/wp-content\/uploads\/2026\/03\/4e9c15ad-e41c-41ea-8aa3-cc294c444386.webp\" class=\"attachment-large size-large wp-image-4099\" alt=\"4e9c15ad e41c 41ea 8aa3 cc294c444386\" srcset=\"https:\/\/www.courspratiquesfcm.fr\/wp-content\/uploads\/2026\/03\/4e9c15ad-e41c-41ea-8aa3-cc294c444386.webp 437w, https:\/\/www.courspratiquesfcm.fr\/wp-content\/uploads\/2026\/03\/4e9c15ad-e41c-41ea-8aa3-cc294c444386-300x159.webp 300w\" sizes=\"(max-width: 437px) 100vw, 437px\" title=\"Mot du pr\u00e9sident\">\t\t\t\t\t\t\t\t\t\t\t\t\t\t\t<\/div>\n\t\t\t\t<\/div>\n\t\t\t\t<div class=\"elementor-element elementor-element-8c26f29 elementor-widget elementor-widget-text-editor\" data-id=\"8c26f29\" data-element_type=\"widget\" data-e-type=\"widget\" data-widget_type=\"text-editor.default\">\n\t\t\t\t<div class=\"elementor-widget-container\">\n\t\t\t\t\t\t\t\t\t<p>Pr Isabelle AUQUIT-AUCKBUR, Pr\u00e9sidente de la SFCM<\/p><p>Pr Adeline CAMBON, Coordinatrice du cours pratique<\/p>\t\t\t\t\t\t\t\t<\/div>\n\t\t\t\t<\/div>\n\t\t\t\t\t<\/div>\n\t\t\t\t<\/div>\n\t\t<div class=\"elementor-element elementor-element-c83cfec e-grid e-con-boxed e-con e-parent\" data-id=\"c83cfec\" data-element_type=\"container\" data-e-type=\"container\">\n\t\t\t\t\t<div class=\"e-con-inner\">\n\t\t\t\t<div class=\"elementor-element elementor-element-86274d9 elementor-widget elementor-widget-image\" data-id=\"86274d9\" data-element_type=\"widget\" data-e-type=\"widget\" data-widget_type=\"image.default\">\n\t\t\t\t<div class=\"elementor-widget-container\">\n\t\t\t\t\t\t\t\t\t\t\t\t\t\t\t<img decoding=\"async\" width=\"768\" height=\"667\" src=\"https:\/\/www.courspratiquesfcm.fr\/wp-content\/uploads\/2018\/07\/Logo-SFCM-HD-impression-768x667.png\" class=\"attachment-medium_large size-medium_large wp-image-6\" alt=\"Logo SFCM HD Impression 768x667\" srcset=\"https:\/\/www.courspratiquesfcm.fr\/wp-content\/uploads\/2018\/07\/Logo-SFCM-HD-impression-768x667.png 768w, https:\/\/www.courspratiquesfcm.fr\/wp-content\/uploads\/2018\/07\/Logo-SFCM-HD-impression-300x260.png 300w, https:\/\/www.courspratiquesfcm.fr\/wp-content\/uploads\/2018\/07\/Logo-SFCM-HD-impression-1024x889.png 1024w\" sizes=\"(max-width: 768px) 100vw, 768px\" title=\"Mot du pr\u00e9sident\">\t\t\t\t\t\t\t\t\t\t\t\t\t\t\t<\/div>\n\t\t\t\t<\/div>\n\t\t\t\t<div class=\"elementor-element elementor-element-f139895 elementor-widget elementor-widget-image\" data-id=\"f139895\" data-element_type=\"widget\" data-e-type=\"widget\" data-widget_type=\"image.default\">\n\t\t\t\t<div class=\"elementor-widget-container\">\n\t\t\t\t\t\t\t\t\t\t\t\t\t\t\t<img decoding=\"async\" width=\"202\" height=\"249\" src=\"https:\/\/www.courspratiquesfcm.fr\/wp-content\/uploads\/2018\/09\/Logo-GEMMSOR.png\" class=\"attachment-medium_large size-medium_large wp-image-743\" alt=\"Logo GEMMSOR\" title=\"Mot du pr\u00e9sident\">\t\t\t\t\t\t\t\t\t\t\t\t\t\t\t<\/div>\n\t\t\t\t<\/div>\n\t\t\t\t\t<\/div>\n\t\t\t\t<\/div>\n\t\t<div class=\"elementor-element elementor-element-efc57dc e-flex e-con-boxed e-con e-parent\" data-id=\"efc57dc\" data-element_type=\"container\" data-e-type=\"container\">\n\t\t\t\t\t<div class=\"e-con-inner\">\n\t\t\t\t<div class=\"elementor-element elementor-element-33f0b4a elementor-widget elementor-widget-spacer\" data-id=\"33f0b4a\" data-element_type=\"widget\" data-e-type=\"widget\" data-widget_type=\"spacer.default\">\n\t\t\t\t<div class=\"elementor-widget-container\">\n\t\t\t\t\t\t\t<div class=\"elementor-spacer\">\n\t\t\t<div class=\"elementor-spacer-inner\"><\/div>\n\t\t<\/div>\n\t\t\t\t\t\t<\/div>\n\t\t\t\t<\/div>\n\t\t\t\t<div class=\"elementor-element elementor-element-e798cac elementor-widget elementor-widget-button\" data-id=\"e798cac\" data-element_type=\"widget\" data-e-type=\"widget\" data-widget_type=\"button.default\">\n\t\t\t\t<div class=\"elementor-widget-container\">\n\t\t\t\t\t\t\t\t\t<div class=\"elementor-button-wrapper\">\n\t\t\t\t\t<a class=\"elementor-button elementor-button-link elementor-size-sm\" href=\"https:\/\/www.courspratiquesfcm.fr\/inscription\/\">\n\t\t\t\t\t\t<span class=\"elementor-button-content-wrapper\">\n\t\t\t\t\t\t\t\t\t<span class=\"elementor-button-text\">Inscrivez-vous !<\/span>\n\t\t\t\t\t<\/span>\n\t\t\t\t\t<\/a>\n\t\t\t\t<\/div>\n\t\t\t\t\t\t\t\t<\/div>\n\t\t\t\t<\/div>\n\t\t\t\t<div class=\"elementor-element elementor-element-8901c8a elementor-widget elementor-widget-spacer\" data-id=\"8901c8a\" data-element_type=\"widget\" data-e-type=\"widget\" data-widget_type=\"spacer.default\">\n\t\t\t\t<div class=\"elementor-widget-container\">\n\t\t\t\t\t\t\t<div class=\"elementor-spacer\">\n\t\t\t<div class=\"elementor-spacer-inner\"><\/div>\n\t\t<\/div>\n\t\t\t\t\t\t<\/div>\n\t\t\t\t<\/div>\n\t\t\t\t\t<\/div>\n\t\t\t\t<\/div>\n\t\t\t\t<\/div>\n\t\t","protected":false},"excerpt":{"rendered":"<p>Mot du pr\u00e9sident Depuis sa r\u00e9habilitation en 2010 par Caroline Leclerc, pr\u00e9sidente de la SFCM, le cours pratique est un incontournable de notre soci\u00e9t\u00e9. Sous l\u2019\u00e9gide de Jean Goubau, et avec l\u2019aide de Michel Chammas, la SFCM a pu ainsi organiser des cours pratiques exceptionnels \u00e0 Montpellier.Cette ann\u00e9e, avec Adeline Cambon, notre nouvelle coordinatrice du [&hellip;]<\/p>\n","protected":false},"author":1,"featured_media":0,"parent":0,"menu_order":0,"comment_status":"closed","ping_status":"closed","template":"","meta":{"_eb_attr":"","_exactmetrics_skip_tracking":false,"_exactmetrics_sitenote_active":false,"_exactmetrics_sitenote_note":"","_exactmetrics_sitenote_category":0,"site-sidebar-layout":"no-sidebar","site-content-layout":"page-builder","ast-site-content-layout":"full-width-container","site-content-style":"default","site-sidebar-style":"default","ast-global-header-display":"","ast-banner-title-visibility":"","ast-main-header-display":"","ast-hfb-above-header-display":"","ast-hfb-below-header-display":"","ast-hfb-mobile-header-display":"","site-post-title":"","ast-breadcrumbs-content":"","ast-featured-img":"disabled","footer-sml-layout":"","ast-disable-related-posts":"","theme-transparent-header-meta":"","adv-header-id-meta":"","stick-header-meta":"","header-above-stick-meta":"","header-main-stick-meta":"","header-below-stick-meta":"","astra-migrate-meta-layouts":"default","ast-page-background-enabled":"default","ast-page-background-meta":{"desktop":{"background-color":"","background-image":"","background-repeat":"repeat","background-position":"center center","background-size":"auto","background-attachment":"scroll","background-type":"","background-media":"","overlay-type":"","overlay-color":"","overlay-opacity":"","overlay-gradient":""},"tablet":{"background-color":"","background-image":"","background-repeat":"repeat","background-position":"center center","background-size":"auto","background-attachment":"scroll","background-type":"","background-media":"","overlay-type":"","overlay-color":"","overlay-opacity":"","overlay-gradient":""},"mobile":{"background-color":"","background-image":"","background-repeat":"repeat","background-position":"center center","background-size":"auto","background-attachment":"scroll","background-type":"","background-media":"","overlay-type":"","overlay-color":"","overlay-opacity":"","overlay-gradient":""}},"ast-content-background-meta":{"desktop":{"background-color":"var(--ast-global-color-5)","background-image":"","background-repeat":"repeat","background-position":"center center","background-size":"auto","background-attachment":"scroll","background-type":"","background-media":"","overlay-type":"","overlay-color":"","overlay-opacity":"","overlay-gradient":""},"tablet":{"background-color":"var(--ast-global-color-5)","background-image":"","background-repeat":"repeat","background-position":"center center","background-size":"auto","background-attachment":"scroll","background-type":"","background-media":"","overlay-type":"","overlay-color":"","overlay-opacity":"","overlay-gradient":""},"mobile":{"background-color":"var(--ast-global-color-5)","background-image":"","background-repeat":"repeat","background-position":"center center","background-size":"auto","background-attachment":"scroll","background-type":"","background-media":"","overlay-type":"","overlay-color":"","overlay-opacity":"","overlay-gradient":""}},"footnotes":""},"class_list":["post-3819","page","type-page","status-publish","hentry"],"_links":{"self":[{"href":"https:\/\/www.courspratiquesfcm.fr\/en\/wp-json\/wp\/v2\/pages\/3819","targetHints":{"allow":["GET"]}}],"collection":[{"href":"https:\/\/www.courspratiquesfcm.fr\/en\/wp-json\/wp\/v2\/pages"}],"about":[{"href":"https:\/\/www.courspratiquesfcm.fr\/en\/wp-json\/wp\/v2\/types\/page"}],"author":[{"embeddable":true,"href":"https:\/\/www.courspratiquesfcm.fr\/en\/wp-json\/wp\/v2\/users\/1"}],"replies":[{"embeddable":true,"href":"https:\/\/www.courspratiquesfcm.fr\/en\/wp-json\/wp\/v2\/comments?post=3819"}],"version-history":[{"count":56,"href":"https:\/\/www.courspratiquesfcm.fr\/en\/wp-json\/wp\/v2\/pages\/3819\/revisions"}],"predecessor-version":[{"id":4109,"href":"https:\/\/www.courspratiquesfcm.fr\/en\/wp-json\/wp\/v2\/pages\/3819\/revisions\/4109"}],"wp:attachment":[{"href":"https:\/\/www.courspratiquesfcm.fr\/en\/wp-json\/wp\/v2\/media?parent=3819"}],"curies":[{"name":"wp","href":"https:\/\/api.w.org\/{rel}","templated":true}]}}